{"id":17,"date":"2024-07-28T18:27:26","date_gmt":"2024-07-28T18:27:26","guid":{"rendered":"https:\/\/wp.ksm-maschinenbau.de\/?page_id=17"},"modified":"2024-11-28T17:06:38","modified_gmt":"2024-11-28T17:06:38","slug":"what-we-do","status":"publish","type":"page","link":"https:\/\/wp.ksm-maschinenbau.de\/de\/what-we-do\/","title":{"rendered":"What we do ?"},"content":{"rendered":"<h1>\n\t\tWir liefern seit mehr als 60 Jahren schl\u00fcsselfertige L\u00f6sungen.\n\t<\/h1>\n\t\t<h2>Was machen wir?<\/h2>\t\t\t\n\t\t\t\t<h4 class=\" translation-block\">Mit mehr als 60 Jahren Erfahrung und einem Expertenteam, das durch unser bew\u00e4hrtes internes Projektmanagementsystem unterst\u00fctzt wird, bedienen wir mit unseren schl\u00fcsselfertigen L\u00f6sungen f\u00fcr Roboterautomatisierungssysteme und Sondermontagemaschinen eine breite Palette von Branchen von der Automobil- bis zur Konsumg\u00fcterindustrie, von der Intralogistik bis zur Elektronik auf der ganzen Welt.\u200b<\/h4>\n\t<ul data-height=\"350\" data-width=\"350\" data-shape=\"square\">\n\t\t\t\t\t\t\t\t\t\t<li>\n\t\t\t\t\t\t\t\t\t\t\t<img decoding=\"async\" src=\"https:\/\/wp.ksm-maschinenbau.de\/wp-content\/uploads\/2024\/11\/crankshaft-assembly-line.jpg\" alt=\"\"\/>\t\t\t\t\n\t\t\t\t\t\t\t\t\t\t\t\t\t\t\t\t\t\t\t<h2>Montagetechnik<\/h2>\n\t\t\t\t\t\t\t\t\t\t\t\t\t<\/li>\n\t\t\t\t\t\t\t\t\t\t\t\t\t<li>\n\t\t\t\t\t\t\t\t\t\t\t<img decoding=\"async\" src=\"https:\/\/wp.ksm-maschinenbau.de\/wp-content\/uploads\/2024\/11\/Testmaschinen-Testing-machines_web.jpg\" alt=\"\"\/>\t\t\t\t\n\t\t\t\t\t\t\t\t\t\t\t\t\t\t\t\t\t\t\t<h2>Pr\u00fcftechnik<\/h2>\n\t\t\t\t\t\t\t\t\t\t\t\t\t<\/li>\n\t\t\t\t\t\t\t\t\t\t\t\t\t<li>\n\t\t\t\t\t\t\t\t\t\t\t<img decoding=\"async\" src=\"https:\/\/wp.ksm-maschinenbau.de\/wp-content\/uploads\/2024\/08\/Fugesysteme_305.01_4_web.jpg\" alt=\"\"\/>\t\t\t\t\n\t\t\t\t\t\t\t\t\t\t\t\t\t\t\t\t\t\t\t<h2>F\u00fcgesysteme<\/h2>\n\t\t\t\t\t\t\t\t\t\t\t\t\t<\/li>\n\t\t\t\t\t\t\t\t\t\t\t\t\t<li>\n\t\t\t\t\t\t\t\t\t\t\t<img decoding=\"async\" src=\"https:\/\/wp.ksm-maschinenbau.de\/wp-content\/uploads\/2024\/11\/Robotertechnik_x.png\" alt=\"\"\/>\t\t\t\t\n\t\t\t\t\t\t\t\t\t\t\t\t\t\t\t\t\t\t\t<h2>Robotertechnik<\/h2>\n\t\t\t\t\t\t\t\t\t\t\t\t\t<\/li>\n\t\t\t\t\t\t\t\t\t\t\t\t\t<li>\n\t\t\t\t\t\t\t\t\t\t\t<img decoding=\"async\" src=\"https:\/\/wp.ksm-maschinenbau.de\/wp-content\/uploads\/2024\/11\/Sondermaschinenbau_x.jpg\" alt=\"\"\/>\t\t\t\t\n\t\t\t\t\t\t\t\t\t\t\t\t\t\t\t\t\t\t\t<h2>Sondermaschinenbau<\/h2>\n\t\t\t\t\t\t\t\t\t\t\t\t\t<\/li>\n\t\t\t\t\t\t\t\t\t\t\t\t\t<\/ul>","protected":false},"excerpt":{"rendered":"<p>We deliver TurnKey Solutions since more than 60 years!\u200b What are we doing? With more than 60 Years experience, with an expert team supported by our proven internal project management system, we serve a wide range of industries from automotive to consumer goods, from intralogistics to electronics all around the world with our turnkey solutions&hellip;<\/p>","protected":false},"author":2,"featured_media":0,"parent":0,"menu_order":0,"comment_status":"closed","ping_status":"closed","template":"","meta":{"footnotes":""},"class_list":["post-17","page","type-page","status-publish","hentry"],"yoast_head":"<!-- This site is optimized with the Yoast SEO plugin v23.9 - https:\/\/yoast.com\/wordpress\/plugins\/seo\/ -->\n<title>What we do ? - KSM - 2024<\/title>\n<meta name=\"robots\" content=\"noindex, follow, max-snippet:-1, max-image-preview:large, max-video-preview:-1\" \/>\n<meta property=\"og:locale\" content=\"de_DE\" \/>\n<meta property=\"og:type\" content=\"article\" \/>\n<meta property=\"og:title\" content=\"What we do ? - KSM - 2024\" \/>\n<meta property=\"og:description\" content=\"We deliver TurnKey Solutions since more than 60 years!\u200b What are we doing? With more than 60 Years experience, with an expert team supported by our proven internal project management system, we serve a wide range of industries from automotive to consumer goods, from intralogistics to electronics all around the world with our turnkey solutions&hellip;\" \/>\n<meta property=\"og:url\" content=\"https:\/\/wp.ksm-maschinenbau.de\/de\/what-we-do\/\" \/>\n<meta property=\"og:site_name\" content=\"KSM - 2024\" \/>\n<meta property=\"article:modified_time\" content=\"2024-11-28T17:06:38+00:00\" \/>\n<meta property=\"og:image\" content=\"https:\/\/wp.ksm-maschinenbau.de\/wp-content\/uploads\/2024\/11\/crankshaft-assembly-line.jpg\" \/>\n<meta name=\"twitter:card\" content=\"summary_large_image\" \/>\n<script type=\"application\/ld+json\" class=\"yoast-schema-graph\">{\"@context\":\"https:\/\/schema.org\",\"@graph\":[{\"@type\":\"WebPage\",\"@id\":\"https:\/\/wp.ksm-maschinenbau.de\/what-we-do\/\",\"url\":\"https:\/\/wp.ksm-maschinenbau.de\/what-we-do\/\",\"name\":\"What we do ? - KSM - 2024\",\"isPartOf\":{\"@id\":\"https:\/\/wp.ksm-maschinenbau.de\/#website\"},\"primaryImageOfPage\":{\"@id\":\"https:\/\/wp.ksm-maschinenbau.de\/what-we-do\/#primaryimage\"},\"image\":{\"@id\":\"https:\/\/wp.ksm-maschinenbau.de\/what-we-do\/#primaryimage\"},\"thumbnailUrl\":\"https:\/\/wp.ksm-maschinenbau.de\/wp-content\/uploads\/2024\/11\/crankshaft-assembly-line.jpg\",\"datePublished\":\"2024-07-28T18:27:26+00:00\",\"dateModified\":\"2024-11-28T17:06:38+00:00\",\"breadcrumb\":{\"@id\":\"https:\/\/wp.ksm-maschinenbau.de\/what-we-do\/#breadcrumb\"},\"inLanguage\":\"de\",\"potentialAction\":[{\"@type\":\"ReadAction\",\"target\":[\"https:\/\/wp.ksm-maschinenbau.de\/what-we-do\/\"]}]},{\"@type\":\"ImageObject\",\"inLanguage\":\"de\",\"@id\":\"https:\/\/wp.ksm-maschinenbau.de\/what-we-do\/#primaryimage\",\"url\":\"https:\/\/wp.ksm-maschinenbau.de\/wp-content\/uploads\/2024\/11\/crankshaft-assembly-line.jpg\",\"contentUrl\":\"https:\/\/wp.ksm-maschinenbau.de\/wp-content\/uploads\/2024\/11\/crankshaft-assembly-line.jpg\"},{\"@type\":\"BreadcrumbList\",\"@id\":\"https:\/\/wp.ksm-maschinenbau.de\/what-we-do\/#breadcrumb\",\"itemListElement\":[{\"@type\":\"ListItem\",\"position\":1,\"name\":\"Home\",\"item\":\"https:\/\/wp.ksm-maschinenbau.de\/\"},{\"@type\":\"ListItem\",\"position\":2,\"name\":\"What we do ?\"}]},{\"@type\":\"WebSite\",\"@id\":\"https:\/\/wp.ksm-maschinenbau.de\/#website\",\"url\":\"https:\/\/wp.ksm-maschinenbau.de\/\",\"name\":\"KSM - 2024\",\"description\":\"\",\"potentialAction\":[{\"@type\":\"SearchAction\",\"target\":{\"@type\":\"EntryPoint\",\"urlTemplate\":\"https:\/\/wp.ksm-maschinenbau.de\/?s={search_term_string}\"},\"query-input\":{\"@type\":\"PropertyValueSpecification\",\"valueRequired\":true,\"valueName\":\"search_term_string\"}}],\"inLanguage\":\"de\"}]}<\/script>\n<!-- \/ Yoast SEO plugin. -->","yoast_head_json":{"title":"What we do ? - KSM - 2024","robots":{"index":"noindex","follow":"follow","max-snippet":"max-snippet:-1","max-image-preview":"max-image-preview:large","max-video-preview":"max-video-preview:-1"},"og_locale":"de_DE","og_type":"article","og_title":"What we do ? - KSM - 2024","og_description":"We deliver TurnKey Solutions since more than 60 years!\u200b What are we doing? With more than 60 Years experience, with an expert team supported by our proven internal project management system, we serve a wide range of industries from automotive to consumer goods, from intralogistics to electronics all around the world with our turnkey solutions&hellip;","og_url":"https:\/\/wp.ksm-maschinenbau.de\/de\/what-we-do\/","og_site_name":"KSM - 2024","article_modified_time":"2024-11-28T17:06:38+00:00","og_image":[{"url":"https:\/\/wp.ksm-maschinenbau.de\/wp-content\/uploads\/2024\/11\/crankshaft-assembly-line.jpg"}],"twitter_card":"summary_large_image","schema":{"@context":"https:\/\/schema.org","@graph":[{"@type":"WebPage","@id":"https:\/\/wp.ksm-maschinenbau.de\/what-we-do\/","url":"https:\/\/wp.ksm-maschinenbau.de\/what-we-do\/","name":"What we do ? - KSM - 2024","isPartOf":{"@id":"https:\/\/wp.ksm-maschinenbau.de\/#website"},"primaryImageOfPage":{"@id":"https:\/\/wp.ksm-maschinenbau.de\/what-we-do\/#primaryimage"},"image":{"@id":"https:\/\/wp.ksm-maschinenbau.de\/what-we-do\/#primaryimage"},"thumbnailUrl":"https:\/\/wp.ksm-maschinenbau.de\/wp-content\/uploads\/2024\/11\/crankshaft-assembly-line.jpg","datePublished":"2024-07-28T18:27:26+00:00","dateModified":"2024-11-28T17:06:38+00:00","breadcrumb":{"@id":"https:\/\/wp.ksm-maschinenbau.de\/what-we-do\/#breadcrumb"},"inLanguage":"de","potentialAction":[{"@type":"ReadAction","target":["https:\/\/wp.ksm-maschinenbau.de\/what-we-do\/"]}]},{"@type":"ImageObject","inLanguage":"de","@id":"https:\/\/wp.ksm-maschinenbau.de\/what-we-do\/#primaryimage","url":"https:\/\/wp.ksm-maschinenbau.de\/wp-content\/uploads\/2024\/11\/crankshaft-assembly-line.jpg","contentUrl":"https:\/\/wp.ksm-maschinenbau.de\/wp-content\/uploads\/2024\/11\/crankshaft-assembly-line.jpg"},{"@type":"BreadcrumbList","@id":"https:\/\/wp.ksm-maschinenbau.de\/what-we-do\/#breadcrumb","itemListElement":[{"@type":"ListItem","position":1,"name":"Home","item":"https:\/\/wp.ksm-maschinenbau.de\/"},{"@type":"ListItem","position":2,"name":"What we do ?"}]},{"@type":"WebSite","@id":"https:\/\/wp.ksm-maschinenbau.de\/#website","url":"https:\/\/wp.ksm-maschinenbau.de\/","name":"KSM - 2024","description":"","potentialAction":[{"@type":"SearchAction","target":{"@type":"EntryPoint","urlTemplate":"https:\/\/wp.ksm-maschinenbau.de\/?s={search_term_string}"},"query-input":{"@type":"PropertyValueSpecification","valueRequired":true,"valueName":"search_term_string"}}],"inLanguage":"de"}]}},"_links":{"self":[{"href":"https:\/\/wp.ksm-maschinenbau.de\/de\/wp-json\/wp\/v2\/pages\/17","targetHints":{"allow":["GET"]}}],"collection":[{"href":"https:\/\/wp.ksm-maschinenbau.de\/de\/wp-json\/wp\/v2\/pages"}],"about":[{"href":"https:\/\/wp.ksm-maschinenbau.de\/de\/wp-json\/wp\/v2\/types\/page"}],"author":[{"embeddable":true,"href":"https:\/\/wp.ksm-maschinenbau.de\/de\/wp-json\/wp\/v2\/users\/2"}],"replies":[{"embeddable":true,"href":"https:\/\/wp.ksm-maschinenbau.de\/de\/wp-json\/wp\/v2\/comments?post=17"}],"version-history":[{"count":42,"href":"https:\/\/wp.ksm-maschinenbau.de\/de\/wp-json\/wp\/v2\/pages\/17\/revisions"}],"predecessor-version":[{"id":438,"href":"https:\/\/wp.ksm-maschinenbau.de\/de\/wp-json\/wp\/v2\/pages\/17\/revisions\/438"}],"wp:attachment":[{"href":"https:\/\/wp.ksm-maschinenbau.de\/de\/wp-json\/wp\/v2\/media?parent=17"}],"curies":[{"name":"wp","href":"https:\/\/api.w.org\/{rel}","templated":true}]}}